{"id":2478,"date":"2019-04-09T15:28:11","date_gmt":"2019-04-09T13:28:11","guid":{"rendered":"http:\/\/web1139.server.inventmedia.de\/wp_2019\/?page_id=2478"},"modified":"2025-03-04T21:29:54","modified_gmt":"2025-03-04T20:29:54","slug":"weg-verwaltung","status":"publish","type":"page","link":"https:\/\/www.mele.de\/immobilien\/hausverwaltung\/weg-verwaltung\/","title":{"rendered":"WEG-Verwaltung"},"content":{"rendered":"","protected":false},"excerpt":{"rendered":"","protected":false},"author":2,"featured_media":0,"parent":2418,"menu_order":0,"comment_status":"closed","ping_status":"closed","template":"","meta":{"footnotes":""},"class_list":["post-2478","page","type-page","status-publish","hentry"],"yoast_head":"<!-- This site is optimized with the Yoast SEO plugin v27.3 - https:\/\/yoast.com\/product\/yoast-seo-wordpress\/ -->\n<title>WEG-Verwaltung mit Kompetenz und langj\u00e4hriger Erfahrung vom Profi<\/title>\n<meta name=\"description\" content=\"Die Interessensvertretung einer Wohnungseigent\u00fcmergemeinschaft ist eine herausfordernde Aufgabe, die viel Verhandlungsgeschick und Feingef\u00fchl erfordert. Die mele Immobilien GmbH erf\u00fcllt dies Aufgabe mit langj\u00e4hriger Expertise und Fachwissen in allen Bereichen rund um Immobilien.\" \/>\n<meta name=\"robots\" content=\"index, follow, max-snippet:-1, max-image-preview:large, max-video-preview:-1\" \/>\n<link rel=\"canonical\" href=\"https:\/\/www.mele.de\/immobilien\/hausverwaltung\/weg-verwaltung\/\" \/>\n<meta property=\"og:locale\" content=\"de_DE\" \/>\n<meta property=\"og:type\" content=\"article\" \/>\n<meta property=\"og:title\" content=\"WEG-Verwaltung mit Kompetenz und langj\u00e4hriger Erfahrung vom Profi\" \/>\n<meta property=\"og:description\" content=\"Die Interessensvertretung einer Wohnungseigent\u00fcmergemeinschaft ist eine herausfordernde Aufgabe, die viel Verhandlungsgeschick und Feingef\u00fchl erfordert. Die mele Immobilien GmbH erf\u00fcllt dies Aufgabe mit langj\u00e4hriger Expertise und Fachwissen in allen Bereichen rund um Immobilien.\" \/>\n<meta property=\"og:url\" content=\"https:\/\/www.mele.de\/immobilien\/hausverwaltung\/weg-verwaltung\/\" \/>\n<meta property=\"og:site_name\" content=\"mele Immobilien GmbH\" \/>\n<meta property=\"article:publisher\" content=\"https:\/\/www.facebook.com\/MELEImmobilien\/\" \/>\n<meta property=\"article:modified_time\" content=\"2025-03-04T20:29:54+00:00\" \/>\n<meta name=\"twitter:card\" content=\"summary_large_image\" \/>\n<script type=\"application\/ld+json\" class=\"yoast-schema-graph\">{\"@context\":\"https:\\\/\\\/schema.org\",\"@graph\":[{\"@type\":\"WebPage\",\"@id\":\"https:\\\/\\\/www.mele.de\\\/immobilien\\\/hausverwaltung\\\/weg-verwaltung\\\/\",\"url\":\"https:\\\/\\\/www.mele.de\\\/immobilien\\\/hausverwaltung\\\/weg-verwaltung\\\/\",\"name\":\"WEG-Verwaltung mit Kompetenz und langj\u00e4hriger Erfahrung vom Profi\",\"isPartOf\":{\"@id\":\"https:\\\/\\\/www.mele.de\\\/immobilien\\\/#website\"},\"datePublished\":\"2019-04-09T13:28:11+00:00\",\"dateModified\":\"2025-03-04T20:29:54+00:00\",\"description\":\"Die Interessensvertretung einer Wohnungseigent\u00fcmergemeinschaft ist eine herausfordernde Aufgabe, die viel Verhandlungsgeschick und Feingef\u00fchl erfordert. Die mele Immobilien GmbH erf\u00fcllt dies Aufgabe mit langj\u00e4hriger Expertise und Fachwissen in allen Bereichen rund um Immobilien.\",\"breadcrumb\":{\"@id\":\"https:\\\/\\\/www.mele.de\\\/immobilien\\\/hausverwaltung\\\/weg-verwaltung\\\/#breadcrumb\"},\"inLanguage\":\"de\",\"potentialAction\":[{\"@type\":\"ReadAction\",\"target\":[\"https:\\\/\\\/www.mele.de\\\/immobilien\\\/hausverwaltung\\\/weg-verwaltung\\\/\"]}]},{\"@type\":\"BreadcrumbList\",\"@id\":\"https:\\\/\\\/www.mele.de\\\/immobilien\\\/hausverwaltung\\\/weg-verwaltung\\\/#breadcrumb\",\"itemListElement\":[{\"@type\":\"ListItem\",\"position\":1,\"name\":\"Hausverwaltung\",\"item\":\"https:\\\/\\\/www.mele.de\\\/immobilien\\\/hausverwaltung\\\/\"},{\"@type\":\"ListItem\",\"position\":2,\"name\":\"WEG-Verwaltung\"}]},{\"@type\":\"WebSite\",\"@id\":\"https:\\\/\\\/www.mele.de\\\/immobilien\\\/#website\",\"url\":\"https:\\\/\\\/www.mele.de\\\/immobilien\\\/\",\"name\":\"mele Immobilien GmbH\",\"description\":\"Ihr Immobilienprofi in Vorpommern\",\"publisher\":{\"@id\":\"https:\\\/\\\/www.mele.de\\\/immobilien\\\/#organization\"},\"potentialAction\":[{\"@type\":\"SearchAction\",\"target\":{\"@type\":\"EntryPoint\",\"urlTemplate\":\"https:\\\/\\\/www.mele.de\\\/immobilien\\\/?s={search_term_string}\"},\"query-input\":{\"@type\":\"PropertyValueSpecification\",\"valueRequired\":true,\"valueName\":\"search_term_string\"}}],\"inLanguage\":\"de\"},{\"@type\":\"Organization\",\"@id\":\"https:\\\/\\\/www.mele.de\\\/immobilien\\\/#organization\",\"name\":\"mele Immobilien GmbH\",\"url\":\"https:\\\/\\\/www.mele.de\\\/immobilien\\\/\",\"logo\":{\"@type\":\"ImageObject\",\"inLanguage\":\"de\",\"@id\":\"https:\\\/\\\/www.mele.de\\\/immobilien\\\/#\\\/schema\\\/logo\\\/image\\\/\",\"url\":\"https:\\\/\\\/www.mele.de\\\/immobilien\\\/wp-content\\\/uploads\\\/2019\\\/03\\\/logo.png\",\"contentUrl\":\"https:\\\/\\\/www.mele.de\\\/immobilien\\\/wp-content\\\/uploads\\\/2019\\\/03\\\/logo.png\",\"width\":300,\"height\":147,\"caption\":\"mele Immobilien GmbH\"},\"image\":{\"@id\":\"https:\\\/\\\/www.mele.de\\\/immobilien\\\/#\\\/schema\\\/logo\\\/image\\\/\"},\"sameAs\":[\"https:\\\/\\\/www.facebook.com\\\/MELEImmobilien\\\/\"]}]}<\/script>\n<!-- \/ Yoast SEO plugin. -->","yoast_head_json":{"title":"WEG-Verwaltung mit Kompetenz und langj\u00e4hriger Erfahrung vom Profi","description":"Die Interessensvertretung einer Wohnungseigent\u00fcmergemeinschaft ist eine herausfordernde Aufgabe, die viel Verhandlungsgeschick und Feingef\u00fchl erfordert. Die mele Immobilien GmbH erf\u00fcllt dies Aufgabe mit langj\u00e4hriger Expertise und Fachwissen in allen Bereichen rund um Immobilien.","robots":{"index":"index","follow":"follow","max-snippet":"max-snippet:-1","max-image-preview":"max-image-preview:large","max-video-preview":"max-video-preview:-1"},"canonical":"https:\/\/www.mele.de\/immobilien\/hausverwaltung\/weg-verwaltung\/","og_locale":"de_DE","og_type":"article","og_title":"WEG-Verwaltung mit Kompetenz und langj\u00e4hriger Erfahrung vom Profi","og_description":"Die Interessensvertretung einer Wohnungseigent\u00fcmergemeinschaft ist eine herausfordernde Aufgabe, die viel Verhandlungsgeschick und Feingef\u00fchl erfordert. Die mele Immobilien GmbH erf\u00fcllt dies Aufgabe mit langj\u00e4hriger Expertise und Fachwissen in allen Bereichen rund um Immobilien.","og_url":"https:\/\/www.mele.de\/immobilien\/hausverwaltung\/weg-verwaltung\/","og_site_name":"mele Immobilien GmbH","article_publisher":"https:\/\/www.facebook.com\/MELEImmobilien\/","article_modified_time":"2025-03-04T20:29:54+00:00","twitter_card":"summary_large_image","schema":{"@context":"https:\/\/schema.org","@graph":[{"@type":"WebPage","@id":"https:\/\/www.mele.de\/immobilien\/hausverwaltung\/weg-verwaltung\/","url":"https:\/\/www.mele.de\/immobilien\/hausverwaltung\/weg-verwaltung\/","name":"WEG-Verwaltung mit Kompetenz und langj\u00e4hriger Erfahrung vom Profi","isPartOf":{"@id":"https:\/\/www.mele.de\/immobilien\/#website"},"datePublished":"2019-04-09T13:28:11+00:00","dateModified":"2025-03-04T20:29:54+00:00","description":"Die Interessensvertretung einer Wohnungseigent\u00fcmergemeinschaft ist eine herausfordernde Aufgabe, die viel Verhandlungsgeschick und Feingef\u00fchl erfordert. Die mele Immobilien GmbH erf\u00fcllt dies Aufgabe mit langj\u00e4hriger Expertise und Fachwissen in allen Bereichen rund um Immobilien.","breadcrumb":{"@id":"https:\/\/www.mele.de\/immobilien\/hausverwaltung\/weg-verwaltung\/#breadcrumb"},"inLanguage":"de","potentialAction":[{"@type":"ReadAction","target":["https:\/\/www.mele.de\/immobilien\/hausverwaltung\/weg-verwaltung\/"]}]},{"@type":"BreadcrumbList","@id":"https:\/\/www.mele.de\/immobilien\/hausverwaltung\/weg-verwaltung\/#breadcrumb","itemListElement":[{"@type":"ListItem","position":1,"name":"Hausverwaltung","item":"https:\/\/www.mele.de\/immobilien\/hausverwaltung\/"},{"@type":"ListItem","position":2,"name":"WEG-Verwaltung"}]},{"@type":"WebSite","@id":"https:\/\/www.mele.de\/immobilien\/#website","url":"https:\/\/www.mele.de\/immobilien\/","name":"mele Immobilien GmbH","description":"Ihr Immobilienprofi in Vorpommern","publisher":{"@id":"https:\/\/www.mele.de\/immobilien\/#organization"},"potentialAction":[{"@type":"SearchAction","target":{"@type":"EntryPoint","urlTemplate":"https:\/\/www.mele.de\/immobilien\/?s={search_term_string}"},"query-input":{"@type":"PropertyValueSpecification","valueRequired":true,"valueName":"search_term_string"}}],"inLanguage":"de"},{"@type":"Organization","@id":"https:\/\/www.mele.de\/immobilien\/#organization","name":"mele Immobilien GmbH","url":"https:\/\/www.mele.de\/immobilien\/","logo":{"@type":"ImageObject","inLanguage":"de","@id":"https:\/\/www.mele.de\/immobilien\/#\/schema\/logo\/image\/","url":"https:\/\/www.mele.de\/immobilien\/wp-content\/uploads\/2019\/03\/logo.png","contentUrl":"https:\/\/www.mele.de\/immobilien\/wp-content\/uploads\/2019\/03\/logo.png","width":300,"height":147,"caption":"mele Immobilien GmbH"},"image":{"@id":"https:\/\/www.mele.de\/immobilien\/#\/schema\/logo\/image\/"},"sameAs":["https:\/\/www.facebook.com\/MELEImmobilien\/"]}]}},"_links":{"self":[{"href":"https:\/\/www.mele.de\/immobilien\/wp-json\/wp\/v2\/pages\/2478","targetHints":{"allow":["GET"]}}],"collection":[{"href":"https:\/\/www.mele.de\/immobilien\/wp-json\/wp\/v2\/pages"}],"about":[{"href":"https:\/\/www.mele.de\/immobilien\/wp-json\/wp\/v2\/types\/page"}],"author":[{"embeddable":true,"href":"https:\/\/www.mele.de\/immobilien\/wp-json\/wp\/v2\/users\/2"}],"replies":[{"embeddable":true,"href":"https:\/\/www.mele.de\/immobilien\/wp-json\/wp\/v2\/comments?post=2478"}],"version-history":[{"count":0,"href":"https:\/\/www.mele.de\/immobilien\/wp-json\/wp\/v2\/pages\/2478\/revisions"}],"up":[{"embeddable":true,"href":"https:\/\/www.mele.de\/immobilien\/wp-json\/wp\/v2\/pages\/2418"}],"wp:attachment":[{"href":"https:\/\/www.mele.de\/immobilien\/wp-json\/wp\/v2\/media?parent=2478"}],"curies":[{"name":"wp","href":"https:\/\/api.w.org\/{rel}","templated":true}]}}