{"id":23,"date":"2022-02-08T10:08:24","date_gmt":"2022-02-08T09:08:24","guid":{"rendered":"http:\/\/web35.server.inventmedia.de\/?page_id=23"},"modified":"2023-08-13T09:32:11","modified_gmt":"2023-08-13T07:32:11","slug":"seminare","status":"publish","type":"page","link":"https:\/\/www.mele.de\/akademie\/seminare\/","title":{"rendered":"Seminare"},"content":{"rendered":"\t\t<div data-elementor-type=\"wp-page\" data-elementor-id=\"23\" class=\"elementor elementor-23\" data-elementor-post-type=\"page\">\n\t\t\t\t\t\t<section class=\"elementor-section elementor-top-section elementor-element elementor-element-175edc02 elementor-section-boxed elementor-section-height-default elementor-section-height-default\" data-id=\"175edc02\" data-element_type=\"section\" data-e-type=\"section\">\n\t\t\t\t\t\t<div class=\"elementor-container elementor-column-gap-default\">\n\t\t\t\t\t<div class=\"elementor-column elementor-col-100 elementor-top-column elementor-element elementor-element-5647a573\" data-id=\"5647a573\" data-element_type=\"column\" data-e-type=\"column\" data-settings=\"{&quot;background_background&quot;:&quot;classic&quot;}\">\n\t\t\t<div class=\"elementor-widget-wrap elementor-element-populated\">\n\t\t\t\t\t\t<section class=\"elementor-section elementor-inner-section elementor-element elementor-element-7285a707 elementor-section-boxed elementor-section-height-default elementor-section-height-default\" data-id=\"7285a707\" data-element_type=\"section\" data-e-type=\"section\">\n\t\t\t\t\t\t<div class=\"elementor-container elementor-column-gap-no\">\n\t\t\t\t\t<div class=\"elementor-column elementor-col-50 elementor-inner-column elementor-element elementor-element-74924581\" data-id=\"74924581\" data-element_type=\"column\" data-e-type=\"column\" data-settings=\"{&quot;background_background&quot;:&quot;classic&quot;}\">\n\t\t\t<div class=\"elementor-widget-wrap elementor-element-populated\">\n\t\t\t\t\t\t<div class=\"elementor-element elementor-element-59c94796 elementor-position-inline-start keep-icon-box-left elementor-view-default elementor-mobile-position-block-start elementor-widget elementor-widget-icon-box\" data-id=\"59c94796\" data-element_type=\"widget\" data-e-type=\"widget\" data-widget_type=\"icon-box.default\">\n\t\t\t\t<div class=\"elementor-widget-container\">\n\t\t\t\t\t\t\t<div class=\"elementor-icon-box-wrapper\">\n\n\t\t\t\t\t\t<div class=\"elementor-icon-box-icon\">\n\t\t\t\t<span  class=\"elementor-icon\">\n\t\t\t\t<i aria-hidden=\"true\" class=\"fas fa-square-full\"><\/i>\t\t\t\t<\/span>\n\t\t\t<\/div>\n\t\t\t\n\t\t\t\t\t\t<div class=\"elementor-icon-box-content\">\n\n\t\t\t\t\t\t\t\t\t<h2 class=\"elementor-icon-box-title\">\n\t\t\t\t\t\t<span  >\n\t\t\t\t\t\t\tBetriebssicherheit mit Fokus auf die aktuelle TRGS 529\t\t\t\t\t\t<\/span>\n\t\t\t\t\t<\/h2>\n\t\t\t\t\n\t\t\t\t\n\t\t\t<\/div>\n\t\t\t\n\t\t<\/div>\n\t\t\t\t\t\t<\/div>\n\t\t\t\t<\/div>\n\t\t\t\t<div class=\"elementor-element elementor-element-305a806d elementor-widget elementor-widget-text-editor\" data-id=\"305a806d\" data-element_type=\"widget\" data-e-type=\"widget\" data-widget_type=\"text-editor.default\">\n\t\t\t\t<div class=\"elementor-widget-container\">\n\t\t\t\t\t\t\t\t\t<p>Un\u00fcbersehbar gehen von Biogasanlagen jedoch auch Gefahren aus. Die Fachagentur Nachwachsende Rohstoffe e.V. (FNR) ver\u00f6ffentlicht Aussagen, wonach in Deutschland alle 2 Minuten ein St\u00f6rfall in Biogasanlagen auftritt. Dabei handelt es sich vor allem um technische Defekte, Bedienfehler, St\u00f6rungen der G\u00e4rprozesse, Br\u00e4nde in Biogasanlagen, Verpuffungen, fehlerhafte Anschl\u00fcsse, Havarien mit Sickersaftaustritten. Die \u00d6ffentlichkeit erf\u00e4hrt nur von den gr\u00f6\u00dferen Ereignissen, die durch die Medien bekannt gemacht werden.<\/p>\t\t\t\t\t\t\t\t<\/div>\n\t\t\t\t<\/div>\n\t\t\t\t<div class=\"elementor-element elementor-element-6a99216 elementor-widget elementor-widget-spacer\" data-id=\"6a99216\" data-element_type=\"widget\" data-e-type=\"widget\" data-widget_type=\"spacer.default\">\n\t\t\t\t<div class=\"elementor-widget-container\">\n\t\t\t\t\t\t\t<div class=\"elementor-spacer\">\n\t\t\t<div class=\"elementor-spacer-inner\"><\/div>\n\t\t<\/div>\n\t\t\t\t\t\t<\/div>\n\t\t\t\t<\/div>\n\t\t\t\t<div class=\"elementor-element elementor-element-5f7b65a elementor-widget elementor-widget-button\" data-id=\"5f7b65a\" data-element_type=\"widget\" data-e-type=\"widget\" data-widget_type=\"button.default\">\n\t\t\t\t<div class=\"elementor-widget-container\">\n\t\t\t\t\t\t\t\t\t<div class=\"elementor-button-wrapper\">\n\t\t\t\t\t<a class=\"elementor-button elementor-button-link elementor-size-sm\" href=\"https:\/\/www.mele.de\/akademie\/wp\/wp-content\/uploads\/2022\/09\/Fachseminar_TRGS529.pdf\" target=\"_blank\">\n\t\t\t\t\t\t<span class=\"elementor-button-content-wrapper\">\n\t\t\t\t\t\t<span class=\"elementor-button-icon\">\n\t\t\t\t<i aria-hidden=\"true\" class=\"far fa-file-pdf\"><\/i>\t\t\t<\/span>\n\t\t\t\t\t\t\t\t\t<span class=\"elementor-button-text\">Informationen zum Fachseminar TRGS 529<\/span>\n\t\t\t\t\t<\/span>\n\t\t\t\t\t<\/a>\n\t\t\t\t<\/div>\n\t\t\t\t\t\t\t\t<\/div>\n\t\t\t\t<\/div>\n\t\t\t\t\t<\/div>\n\t\t<\/div>\n\t\t\t\t<div class=\"elementor-column elementor-col-50 elementor-inner-column elementor-element elementor-element-34f73c53\" data-id=\"34f73c53\" data-element_type=\"column\" data-e-type=\"column\" data-settings=\"{&quot;background_background&quot;:&quot;classic&quot;}\">\n\t\t\t<div class=\"elementor-widget-wrap elementor-element-populated\">\n\t\t\t\t\t\t<div class=\"elementor-element elementor-element-72a4bead elementor-position-inline-start keep-icon-box-left elementor-view-default elementor-mobile-position-block-start elementor-widget elementor-widget-icon-box\" data-id=\"72a4bead\" data-element_type=\"widget\" data-e-type=\"widget\" data-widget_type=\"icon-box.default\">\n\t\t\t\t<div class=\"elementor-widget-container\">\n\t\t\t\t\t\t\t<div class=\"elementor-icon-box-wrapper\">\n\n\t\t\t\t\t\t<div class=\"elementor-icon-box-icon\">\n\t\t\t\t<span  class=\"elementor-icon\">\n\t\t\t\t<i aria-hidden=\"true\" class=\"fas fa-square-full\"><\/i>\t\t\t\t<\/span>\n\t\t\t<\/div>\n\t\t\t\n\t\t\t\t\t\t<div class=\"elementor-icon-box-content\">\n\n\t\t\t\t\t\t\t\t\t<h2 class=\"elementor-icon-box-title\">\n\t\t\t\t\t\t<span  >\n\t\t\t\t\t\t\tMultitalent Biogas - anaerobe Fermentation und Betriebssicherheit\t\t\t\t\t\t<\/span>\n\t\t\t\t\t<\/h2>\n\t\t\t\t\n\t\t\t\t\n\t\t\t<\/div>\n\t\t\t\n\t\t<\/div>\n\t\t\t\t\t\t<\/div>\n\t\t\t\t<\/div>\n\t\t\t\t<div class=\"elementor-element elementor-element-39e5f42 elementor-widget elementor-widget-text-editor\" data-id=\"39e5f42\" data-element_type=\"widget\" data-e-type=\"widget\" data-widget_type=\"text-editor.default\">\n\t\t\t\t<div class=\"elementor-widget-container\">\n\t\t\t\t\t\t\t\t\t<p>Biomasse wird zunehmend und un\u00fcbersehbar zu einem vielseitigen und zuverl\u00e4ssigen Energietr\u00e4ger. Gleichzeitig gelangen die Betriebs- und Funktionssicherheit, die technischen M\u00f6glichkeiten sowie die Effizienz von Biogasanlagen immer mehr in den Fokus. Betriebserfahrungen, Spezialwissen und umf\u00e4ngliche Detailkenntnisse der Verfahrensabl\u00e4ufe bei der Produktion von Biogas sind gefragt. Nur so ist es m\u00f6glich, Biogasanlagen wie einen Organismus zu verstehen und am Optimum zu fahren. Mit einer Seminarreihe der MELE-Akademie wird auf diesen Bedarf reagiert.<\/p>\t\t\t\t\t\t\t\t<\/div>\n\t\t\t\t<\/div>\n\t\t\t\t<div class=\"elementor-element elementor-element-600c0f0 elementor-widget elementor-widget-button\" data-id=\"600c0f0\" data-element_type=\"widget\" data-e-type=\"widget\" data-widget_type=\"button.default\">\n\t\t\t\t<div class=\"elementor-widget-container\">\n\t\t\t\t\t\t\t\t\t<div class=\"elementor-button-wrapper\">\n\t\t\t\t\t<a class=\"elementor-button elementor-button-link elementor-size-sm\" href=\"https:\/\/www.mele.de\/akademie\/wp\/wp-content\/uploads\/2022\/09\/Fachseminar_Biogas.pdf\" target=\"_blank\">\n\t\t\t\t\t\t<span class=\"elementor-button-content-wrapper\">\n\t\t\t\t\t\t<span class=\"elementor-button-icon\">\n\t\t\t\t<i aria-hidden=\"true\" class=\"far fa-file-pdf\"><\/i>\t\t\t<\/span>\n\t\t\t\t\t\t\t\t\t<span class=\"elementor-button-text\">Informationen zum Fachseminar Biogas<\/span>\n\t\t\t\t\t<\/span>\n\t\t\t\t\t<\/a>\n\t\t\t\t<\/div>\n\t\t\t\t\t\t\t\t<\/div>\n\t\t\t\t<\/div>\n\t\t\t\t\t<\/div>\n\t\t<\/div>\n\t\t\t\t\t<\/div>\n\t\t<\/section>\n\t\t\t\t<div class=\"elementor-element elementor-element-7690e4f3 elementor-widget elementor-widget-spacer\" data-id=\"7690e4f3\" data-element_type=\"widget\" data-e-type=\"widget\" data-widget_type=\"spacer.default\">\n\t\t\t\t<div class=\"elementor-widget-container\">\n\t\t\t\t\t\t\t<div class=\"elementor-spacer\">\n\t\t\t<div class=\"elementor-spacer-inner\"><\/div>\n\t\t<\/div>\n\t\t\t\t\t\t<\/div>\n\t\t\t\t<\/div>\n\t\t\t\t<section class=\"elementor-section elementor-inner-section elementor-element elementor-element-25899e87 elementor-section-boxed elementor-section-height-default elementor-section-height-default\" data-id=\"25899e87\" data-element_type=\"section\" data-e-type=\"section\">\n\t\t\t\t\t\t<div class=\"elementor-container elementor-column-gap-no\">\n\t\t\t\t\t<div class=\"elementor-column elementor-col-50 elementor-inner-column elementor-element elementor-element-4fb90384\" data-id=\"4fb90384\" data-element_type=\"column\" data-e-type=\"column\" data-settings=\"{&quot;background_background&quot;:&quot;classic&quot;}\">\n\t\t\t<div class=\"elementor-widget-wrap elementor-element-populated\">\n\t\t\t\t\t\t<div class=\"elementor-element elementor-element-257c009b elementor-position-inline-start keep-icon-box-left elementor-view-default elementor-mobile-position-block-start elementor-widget elementor-widget-icon-box\" data-id=\"257c009b\" data-element_type=\"widget\" data-e-type=\"widget\" data-widget_type=\"icon-box.default\">\n\t\t\t\t<div class=\"elementor-widget-container\">\n\t\t\t\t\t\t\t<div class=\"elementor-icon-box-wrapper\">\n\n\t\t\t\t\t\t<div class=\"elementor-icon-box-icon\">\n\t\t\t\t<span  class=\"elementor-icon\">\n\t\t\t\t<i aria-hidden=\"true\" class=\"fas fa-square-full\"><\/i>\t\t\t\t<\/span>\n\t\t\t<\/div>\n\t\t\t\n\t\t\t\t\t\t<div class=\"elementor-icon-box-content\">\n\n\t\t\t\t\t\t\t\t\t<h2 class=\"elementor-icon-box-title\">\n\t\t\t\t\t\t<span  >\n\t\t\t\t\t\t\tMikrobiologie und biochemische Grundlagen im Fermenter\t\t\t\t\t\t<\/span>\n\t\t\t\t\t<\/h2>\n\t\t\t\t\n\t\t\t\t\n\t\t\t<\/div>\n\t\t\t\n\t\t<\/div>\n\t\t\t\t\t\t<\/div>\n\t\t\t\t<\/div>\n\t\t\t\t<div class=\"elementor-element elementor-element-6e11573e elementor-widget elementor-widget-text-editor\" data-id=\"6e11573e\" data-element_type=\"widget\" data-e-type=\"widget\" data-widget_type=\"text-editor.default\">\n\t\t\t\t<div class=\"elementor-widget-container\">\n\t\t\t\t\t\t\t\t\t<p>Mikrobielle Diversit\u00e4t im Fermenter &#8211; von der Hydrolyse bis zur Methanogenese. Wie aus nachwachsender Biomasse und biologischen Abfallprodukten das energetisch nutzbare Gas Biomethan entsteht<\/p>\t\t\t\t\t\t\t\t<\/div>\n\t\t\t\t<\/div>\n\t\t\t\t\t<\/div>\n\t\t<\/div>\n\t\t\t\t<div class=\"elementor-column elementor-col-50 elementor-inner-column elementor-element elementor-element-6750d09d\" data-id=\"6750d09d\" data-element_type=\"column\" data-e-type=\"column\" data-settings=\"{&quot;background_background&quot;:&quot;classic&quot;}\">\n\t\t\t<div class=\"elementor-widget-wrap elementor-element-populated\">\n\t\t\t\t\t\t<div class=\"elementor-element elementor-element-72697ee9 elementor-position-inline-start keep-icon-box-left elementor-view-default elementor-mobile-position-block-start elementor-widget elementor-widget-icon-box\" data-id=\"72697ee9\" data-element_type=\"widget\" data-e-type=\"widget\" data-widget_type=\"icon-box.default\">\n\t\t\t\t<div class=\"elementor-widget-container\">\n\t\t\t\t\t\t\t<div class=\"elementor-icon-box-wrapper\">\n\n\t\t\t\t\t\t<div class=\"elementor-icon-box-icon\">\n\t\t\t\t<span  class=\"elementor-icon\">\n\t\t\t\t<i aria-hidden=\"true\" class=\"fas fa-square-full\"><\/i>\t\t\t\t<\/span>\n\t\t\t<\/div>\n\t\t\t\n\t\t\t\t\t\t<div class=\"elementor-icon-box-content\">\n\n\t\t\t\t\t\t\t\t\t<h2 class=\"elementor-icon-box-title\">\n\t\t\t\t\t\t<span  >\n\t\t\t\t\t\t\tInputstoffe\t\t\t\t\t\t<\/span>\n\t\t\t\t\t<\/h2>\n\t\t\t\t\n\t\t\t\t\n\t\t\t<\/div>\n\t\t\t\n\t\t<\/div>\n\t\t\t\t\t\t<\/div>\n\t\t\t\t<\/div>\n\t\t\t\t<div class=\"elementor-element elementor-element-2a854f34 elementor-widget elementor-widget-text-editor\" data-id=\"2a854f34\" data-element_type=\"widget\" data-e-type=\"widget\" data-widget_type=\"text-editor.default\">\n\t\t\t\t<div class=\"elementor-widget-container\">\n\t\t\t\t\t\t\t\t\t<p>Beispiele, Problemf\u00e4lle. Von Schweineg\u00fclle zu H\u00fchnertrockenkot. Alternativen zur Monokultur Energiemais.<\/p>\t\t\t\t\t\t\t\t<\/div>\n\t\t\t\t<\/div>\n\t\t\t\t\t<\/div>\n\t\t<\/div>\n\t\t\t\t\t<\/div>\n\t\t<\/section>\n\t\t\t\t<div class=\"elementor-element elementor-element-76c78a2 elementor-widget elementor-widget-spacer\" data-id=\"76c78a2\" data-element_type=\"widget\" data-e-type=\"widget\" data-widget_type=\"spacer.default\">\n\t\t\t\t<div class=\"elementor-widget-container\">\n\t\t\t\t\t\t\t<div class=\"elementor-spacer\">\n\t\t\t<div class=\"elementor-spacer-inner\"><\/div>\n\t\t<\/div>\n\t\t\t\t\t\t<\/div>\n\t\t\t\t<\/div>\n\t\t\t\t<div class=\"elementor-element elementor-element-6de14b8d elementor-widget elementor-widget-spacer\" data-id=\"6de14b8d\" data-element_type=\"widget\" data-e-type=\"widget\" data-widget_type=\"spacer.default\">\n\t\t\t\t<div class=\"elementor-widget-container\">\n\t\t\t\t\t\t\t<div class=\"elementor-spacer\">\n\t\t\t<div class=\"elementor-spacer-inner\"><\/div>\n\t\t<\/div>\n\t\t\t\t\t\t<\/div>\n\t\t\t\t<\/div>\n\t\t\t\t\t<\/div>\n\t\t<\/div>\n\t\t\t\t\t<\/div>\n\t\t<\/section>\n\t\t\t\t<\/div>\n\t\t","protected":false},"excerpt":{"rendered":"<p>Betriebssicherheit mit Fokus auf die aktuelle TRGS 529 Un\u00fcbersehbar gehen von Biogasanlagen jedoch auch Gefahren aus. Die Fachagentur Nachwachsende Rohstoffe e.V. (FNR) ver\u00f6ffentlicht Aussagen, wonach in Deutschland alle 2 Minuten ein St\u00f6rfall in Biogasanlagen auftritt. Dabei handelt es sich vor allem um technische Defekte, Bedienfehler, St\u00f6rungen der G\u00e4rprozesse, Br\u00e4nde in Biogasanlagen, Verpuffungen, fehlerhafte Anschl\u00fcsse, Havarien [&hellip;]<\/p>\n","protected":false},"author":2,"featured_media":1233,"parent":0,"menu_order":0,"comment_status":"closed","ping_status":"closed","template":"","meta":{"footnotes":""},"class_list":["post-23","page","type-page","status-publish","has-post-thumbnail","hentry"],"yoast_head":"<!-- This site is optimized with the Yoast SEO plugin v27.5 - https:\/\/yoast.com\/product\/yoast-seo-wordpress\/ -->\n<title>Seminare - mele Akademie<\/title>\n<meta name=\"robots\" content=\"noindex, follow, max-snippet:-1, max-image-preview:large, max-video-preview:-1\" \/>\n<meta property=\"og:locale\" content=\"de_DE\" \/>\n<meta property=\"og:type\" content=\"article\" \/>\n<meta property=\"og:title\" content=\"Seminare - mele Akademie\" \/>\n<meta property=\"og:description\" content=\"Betriebssicherheit mit Fokus auf die aktuelle TRGS 529 Un\u00fcbersehbar gehen von Biogasanlagen jedoch auch Gefahren aus. Die Fachagentur Nachwachsende Rohstoffe e.V. (FNR) ver\u00f6ffentlicht Aussagen, wonach in Deutschland alle 2 Minuten ein St\u00f6rfall in Biogasanlagen auftritt. Dabei handelt es sich vor allem um technische Defekte, Bedienfehler, St\u00f6rungen der G\u00e4rprozesse, Br\u00e4nde in Biogasanlagen, Verpuffungen, fehlerhafte Anschl\u00fcsse, Havarien [&hellip;]\" \/>\n<meta property=\"og:url\" content=\"https:\/\/www.mele.de\/akademie\/seminare\/\" \/>\n<meta property=\"og:site_name\" content=\"mele Akademie\" \/>\n<meta property=\"article:modified_time\" content=\"2023-08-13T07:32:11+00:00\" \/>\n<meta property=\"og:image\" content=\"https:\/\/www.mele.de\/akademie\/wp-content\/uploads\/2022\/09\/ausbildung_header_gross.jpg\" \/>\n\t<meta property=\"og:image:width\" content=\"2400\" \/>\n\t<meta property=\"og:image:height\" content=\"1600\" \/>\n\t<meta property=\"og:image:type\" content=\"image\/jpeg\" \/>\n<meta name=\"twitter:card\" content=\"summary_large_image\" \/>\n<meta name=\"twitter:label1\" content=\"Gesch\u00e4tzte Lesezeit\" \/>\n\t<meta name=\"twitter:data1\" content=\"2\u00a0Minuten\" \/>\n<script type=\"application\/ld+json\" class=\"yoast-schema-graph\">{\"@context\":\"https:\\\/\\\/schema.org\",\"@graph\":[{\"@type\":\"WebPage\",\"@id\":\"https:\\\/\\\/www.mele.de\\\/akademie\\\/seminare\\\/\",\"url\":\"https:\\\/\\\/www.mele.de\\\/akademie\\\/seminare\\\/\",\"name\":\"Seminare - mele Akademie\",\"isPartOf\":{\"@id\":\"https:\\\/\\\/www.mele.de\\\/akademie\\\/#website\"},\"primaryImageOfPage\":{\"@id\":\"https:\\\/\\\/www.mele.de\\\/akademie\\\/seminare\\\/#primaryimage\"},\"image\":{\"@id\":\"https:\\\/\\\/www.mele.de\\\/akademie\\\/seminare\\\/#primaryimage\"},\"thumbnailUrl\":\"https:\\\/\\\/www.mele.de\\\/akademie\\\/wp-content\\\/uploads\\\/2022\\\/09\\\/ausbildung_header_gross.jpg\",\"datePublished\":\"2022-02-08T09:08:24+00:00\",\"dateModified\":\"2023-08-13T07:32:11+00:00\",\"breadcrumb\":{\"@id\":\"https:\\\/\\\/www.mele.de\\\/akademie\\\/seminare\\\/#breadcrumb\"},\"inLanguage\":\"de\",\"potentialAction\":[{\"@type\":\"ReadAction\",\"target\":[\"https:\\\/\\\/www.mele.de\\\/akademie\\\/seminare\\\/\"]}]},{\"@type\":\"ImageObject\",\"inLanguage\":\"de\",\"@id\":\"https:\\\/\\\/www.mele.de\\\/akademie\\\/seminare\\\/#primaryimage\",\"url\":\"https:\\\/\\\/www.mele.de\\\/akademie\\\/wp-content\\\/uploads\\\/2022\\\/09\\\/ausbildung_header_gross.jpg\",\"contentUrl\":\"https:\\\/\\\/www.mele.de\\\/akademie\\\/wp-content\\\/uploads\\\/2022\\\/09\\\/ausbildung_header_gross.jpg\",\"width\":2400,\"height\":1600},{\"@type\":\"BreadcrumbList\",\"@id\":\"https:\\\/\\\/www.mele.de\\\/akademie\\\/seminare\\\/#breadcrumb\",\"itemListElement\":[{\"@type\":\"ListItem\",\"position\":1,\"name\":\"Startseite\",\"item\":\"https:\\\/\\\/www.mele.de\\\/akademie\\\/\"},{\"@type\":\"ListItem\",\"position\":2,\"name\":\"Seminare\"}]},{\"@type\":\"WebSite\",\"@id\":\"https:\\\/\\\/www.mele.de\\\/akademie\\\/#website\",\"url\":\"https:\\\/\\\/www.mele.de\\\/akademie\\\/\",\"name\":\"mele Akademie\",\"description\":\"\",\"publisher\":{\"@id\":\"https:\\\/\\\/www.mele.de\\\/akademie\\\/#organization\"},\"potentialAction\":[{\"@type\":\"SearchAction\",\"target\":{\"@type\":\"EntryPoint\",\"urlTemplate\":\"https:\\\/\\\/www.mele.de\\\/akademie\\\/?s={search_term_string}\"},\"query-input\":{\"@type\":\"PropertyValueSpecification\",\"valueRequired\":true,\"valueName\":\"search_term_string\"}}],\"inLanguage\":\"de\"},{\"@type\":\"Organization\",\"@id\":\"https:\\\/\\\/www.mele.de\\\/akademie\\\/#organization\",\"name\":\"Walther & Partner - Ingenieurb\u00fcro f\u00fcr Haus- und Versorgungstechnik GmbH\",\"url\":\"https:\\\/\\\/www.mele.de\\\/akademie\\\/\",\"logo\":{\"@type\":\"ImageObject\",\"inLanguage\":\"de\",\"@id\":\"https:\\\/\\\/www.mele.de\\\/akademie\\\/#\\\/schema\\\/logo\\\/image\\\/\",\"url\":\"https:\\\/\\\/www.mele.de\\\/akademie\\\/wp\\\/wp-content\\\/uploads\\\/2022\\\/02\\\/wp_logo.png\",\"contentUrl\":\"https:\\\/\\\/www.mele.de\\\/akademie\\\/wp\\\/wp-content\\\/uploads\\\/2022\\\/02\\\/wp_logo.png\",\"width\":354,\"height\":107,\"caption\":\"Walther & Partner - Ingenieurb\u00fcro f\u00fcr Haus- und Versorgungstechnik GmbH\"},\"image\":{\"@id\":\"https:\\\/\\\/www.mele.de\\\/akademie\\\/#\\\/schema\\\/logo\\\/image\\\/\"}}]}<\/script>\n<!-- \/ Yoast SEO plugin. -->","yoast_head_json":{"title":"Seminare - mele Akademie","robots":{"index":"noindex","follow":"follow","max-snippet":"max-snippet:-1","max-image-preview":"max-image-preview:large","max-video-preview":"max-video-preview:-1"},"og_locale":"de_DE","og_type":"article","og_title":"Seminare - mele Akademie","og_description":"Betriebssicherheit mit Fokus auf die aktuelle TRGS 529 Un\u00fcbersehbar gehen von Biogasanlagen jedoch auch Gefahren aus. Die Fachagentur Nachwachsende Rohstoffe e.V. (FNR) ver\u00f6ffentlicht Aussagen, wonach in Deutschland alle 2 Minuten ein St\u00f6rfall in Biogasanlagen auftritt. Dabei handelt es sich vor allem um technische Defekte, Bedienfehler, St\u00f6rungen der G\u00e4rprozesse, Br\u00e4nde in Biogasanlagen, Verpuffungen, fehlerhafte Anschl\u00fcsse, Havarien [&hellip;]","og_url":"https:\/\/www.mele.de\/akademie\/seminare\/","og_site_name":"mele Akademie","article_modified_time":"2023-08-13T07:32:11+00:00","og_image":[{"width":2400,"height":1600,"url":"https:\/\/www.mele.de\/akademie\/wp-content\/uploads\/2022\/09\/ausbildung_header_gross.jpg","type":"image\/jpeg"}],"twitter_card":"summary_large_image","twitter_misc":{"Gesch\u00e4tzte Lesezeit":"2\u00a0Minuten"},"schema":{"@context":"https:\/\/schema.org","@graph":[{"@type":"WebPage","@id":"https:\/\/www.mele.de\/akademie\/seminare\/","url":"https:\/\/www.mele.de\/akademie\/seminare\/","name":"Seminare - mele Akademie","isPartOf":{"@id":"https:\/\/www.mele.de\/akademie\/#website"},"primaryImageOfPage":{"@id":"https:\/\/www.mele.de\/akademie\/seminare\/#primaryimage"},"image":{"@id":"https:\/\/www.mele.de\/akademie\/seminare\/#primaryimage"},"thumbnailUrl":"https:\/\/www.mele.de\/akademie\/wp-content\/uploads\/2022\/09\/ausbildung_header_gross.jpg","datePublished":"2022-02-08T09:08:24+00:00","dateModified":"2023-08-13T07:32:11+00:00","breadcrumb":{"@id":"https:\/\/www.mele.de\/akademie\/seminare\/#breadcrumb"},"inLanguage":"de","potentialAction":[{"@type":"ReadAction","target":["https:\/\/www.mele.de\/akademie\/seminare\/"]}]},{"@type":"ImageObject","inLanguage":"de","@id":"https:\/\/www.mele.de\/akademie\/seminare\/#primaryimage","url":"https:\/\/www.mele.de\/akademie\/wp-content\/uploads\/2022\/09\/ausbildung_header_gross.jpg","contentUrl":"https:\/\/www.mele.de\/akademie\/wp-content\/uploads\/2022\/09\/ausbildung_header_gross.jpg","width":2400,"height":1600},{"@type":"BreadcrumbList","@id":"https:\/\/www.mele.de\/akademie\/seminare\/#breadcrumb","itemListElement":[{"@type":"ListItem","position":1,"name":"Startseite","item":"https:\/\/www.mele.de\/akademie\/"},{"@type":"ListItem","position":2,"name":"Seminare"}]},{"@type":"WebSite","@id":"https:\/\/www.mele.de\/akademie\/#website","url":"https:\/\/www.mele.de\/akademie\/","name":"mele Akademie","description":"","publisher":{"@id":"https:\/\/www.mele.de\/akademie\/#organization"},"potentialAction":[{"@type":"SearchAction","target":{"@type":"EntryPoint","urlTemplate":"https:\/\/www.mele.de\/akademie\/?s={search_term_string}"},"query-input":{"@type":"PropertyValueSpecification","valueRequired":true,"valueName":"search_term_string"}}],"inLanguage":"de"},{"@type":"Organization","@id":"https:\/\/www.mele.de\/akademie\/#organization","name":"Walther & Partner - Ingenieurb\u00fcro f\u00fcr Haus- und Versorgungstechnik GmbH","url":"https:\/\/www.mele.de\/akademie\/","logo":{"@type":"ImageObject","inLanguage":"de","@id":"https:\/\/www.mele.de\/akademie\/#\/schema\/logo\/image\/","url":"https:\/\/www.mele.de\/akademie\/wp\/wp-content\/uploads\/2022\/02\/wp_logo.png","contentUrl":"https:\/\/www.mele.de\/akademie\/wp\/wp-content\/uploads\/2022\/02\/wp_logo.png","width":354,"height":107,"caption":"Walther & Partner - Ingenieurb\u00fcro f\u00fcr Haus- und Versorgungstechnik GmbH"},"image":{"@id":"https:\/\/www.mele.de\/akademie\/#\/schema\/logo\/image\/"}}]}},"_links":{"self":[{"href":"https:\/\/www.mele.de\/akademie\/wp-json\/wp\/v2\/pages\/23","targetHints":{"allow":["GET"]}}],"collection":[{"href":"https:\/\/www.mele.de\/akademie\/wp-json\/wp\/v2\/pages"}],"about":[{"href":"https:\/\/www.mele.de\/akademie\/wp-json\/wp\/v2\/types\/page"}],"author":[{"embeddable":true,"href":"https:\/\/www.mele.de\/akademie\/wp-json\/wp\/v2\/users\/2"}],"replies":[{"embeddable":true,"href":"https:\/\/www.mele.de\/akademie\/wp-json\/wp\/v2\/comments?post=23"}],"version-history":[{"count":36,"href":"https:\/\/www.mele.de\/akademie\/wp-json\/wp\/v2\/pages\/23\/revisions"}],"predecessor-version":[{"id":1299,"href":"https:\/\/www.mele.de\/akademie\/wp-json\/wp\/v2\/pages\/23\/revisions\/1299"}],"wp:featuredmedia":[{"embeddable":true,"href":"https:\/\/www.mele.de\/akademie\/wp-json\/wp\/v2\/media\/1233"}],"wp:attachment":[{"href":"https:\/\/www.mele.de\/akademie\/wp-json\/wp\/v2\/media?parent=23"}],"curies":[{"name":"wp","href":"https:\/\/api.w.org\/{rel}","templated":true}]}}